{"id":2,"date":"2017-09-21T13:27:12","date_gmt":"2017-09-21T11:27:12","guid":{"rendered":"http:\/\/msknovohrad.sk\/?page_id=2"},"modified":"2025-01-19T10:14:17","modified_gmt":"2025-01-19T09:14:17","slug":"ukazka-strany","status":"publish","type":"page","link":"https:\/\/msknovohrad.sk\/","title":{"rendered":"\u00davod"},"content":{"rendered":"<div id=\"pl-2\"  class=\"panel-layout\" ><div id=\"pg-2-0\"  class=\"panel-grid panel-no-style\" ><div id=\"pgc-2-0-0\"  class=\"panel-grid-cell\" ><div id=\"panel-2-0-0-0\" class=\"so-panel widget widget_sow-layout-slider panel-first-child panel-last-child\" data-index=\"0\" ><div class=\"so-widget-sow-layout-slider so-widget-sow-layout-slider-default-d7c5ebca43c1\"><div class=\"sow-slider-base \" style=\"display: none\"><ul class=\"sow-slider-images\" data-settings=\"{&quot;pagination&quot;:true,&quot;speed&quot;:800,&quot;timeout&quot;:2500,&quot;swipe&quot;:true,&quot;nav_always_show_mobile&quot;:&quot;&quot;,&quot;breakpoint&quot;:&quot;780px&quot;}\">\t\t<li class=\"sow-slider-image  sow-slider-image-cover\" style=\"background-color: #333333;background-image: url(https:\/\/msknovohrad.sk\/wp-content\/uploads\/2017\/09\/sidebar_3.jpg)\" >\r\n\t\t\t\t\t<div class=\"sow-slider-image-container\">\r\n\t\t\t<div class=\"sow-slider-image-wrapper\">\r\n\t\t\t\t\t\t\t<\/div>\r\n\t\t<\/div>\r\n\t\t\t\t<\/li>\r\n\t\t\t\t<li class=\"sow-slider-image  sow-slider-image-cover\" style=\"background-color: #333333;background-image: url(https:\/\/msknovohrad.sk\/wp-content\/uploads\/2017\/09\/sidebar_1.jpg)\" >\r\n\t\t\t\t\t<div class=\"sow-slider-image-container\">\r\n\t\t\t<div class=\"sow-slider-image-wrapper\">\r\n\t\t\t\t\t\t\t<\/div>\r\n\t\t<\/div>\r\n\t\t\t\t<\/li>\r\n\t\t\t\t<li class=\"sow-slider-image  sow-slider-image-cover\" style=\"background-color: #333333;background-image: url(https:\/\/msknovohrad.sk\/wp-content\/uploads\/2017\/09\/sidebar_2.jpg)\" >\r\n\t\t\t\t\t<div class=\"sow-slider-image-container\">\r\n\t\t\t<div class=\"sow-slider-image-wrapper\">\r\n\t\t\t\t\t\t\t<\/div>\r\n\t\t<\/div>\r\n\t\t\t\t<\/li>\r\n\t\t\t\t<li class=\"sow-slider-image  sow-slider-image-cover\" style=\"background-color: #333333;background-image: url(https:\/\/msknovohrad.sk\/wp-content\/uploads\/2023\/01\/324837389_1589021224889135_6258720445713602489_n.jpg);cursor: pointer;\" data-url=\"{&quot;url&quot;:&quot;https:\\\/\\\/www.facebook.com\\\/M%C5%A0K-Novohrad-Lu%C4%8Denec-622800454426307&quot;,&quot;new_window&quot;:false}\" >\r\n\t\t\t\t\t<div class=\"sow-slider-image-container\">\r\n\t\t\t<div class=\"sow-slider-image-wrapper\">\r\n\t\t\t\t\t\t\t<\/div>\r\n\t\t<\/div>\r\n\t\t\t\t<\/li>\r\n\t\t\t\t<li class=\"sow-slider-image  sow-slider-image-cover\" style=\"background-color: #333333;background-image: url(https:\/\/msknovohrad.sk\/wp-content\/uploads\/2024\/01\/tribuna.jpg);cursor: pointer;\" data-url=\"{&quot;url&quot;:&quot;https:\\\/\\\/www.facebook.com\\\/M%C5%A0K-Novohrad-Lu%C4%8Denec-622800454426307&quot;,&quot;new_window&quot;:false}\" >\r\n\t\t\t\t\t<div class=\"sow-slider-image-container\">\r\n\t\t\t<div class=\"sow-slider-image-wrapper\">\r\n\t\t\t\t\t\t\t<\/div>\r\n\t\t<\/div>\r\n\t\t\t\t<\/li>\r\n\t\t\t\t<li class=\"sow-slider-image  sow-slider-image-cover\" style=\"background-color: #333333;background-image: url(https:\/\/msknovohrad.sk\/wp-content\/uploads\/2017\/09\/sidebar_3.jpg)\" >\r\n\t\t\t\t\t<div class=\"sow-slider-image-container\">\r\n\t\t\t<div class=\"sow-slider-image-wrapper\">\r\n\t\t\t\t\t\t\t<\/div>\r\n\t\t<\/div>\r\n\t\t\t\t<\/li>\r\n\t\t<\/ul>\t\t\t\t<ol class=\"sow-slider-pagination\">\r\n\t\t\t\t\t\t\t\t\t\t\t<li><a href=\"#\" data-goto=\"0\" aria-label=\"display slide 1\">1<\/a><\/li>\r\n\t\t\t\t\t\t\t\t\t\t\t<li><a href=\"#\" data-goto=\"1\" aria-label=\"display slide 2\">2<\/a><\/li>\r\n\t\t\t\t\t\t\t\t\t\t\t<li><a href=\"#\" data-goto=\"2\" aria-label=\"display slide 3\">3<\/a><\/li>\r\n\t\t\t\t\t\t\t\t\t\t\t<li><a href=\"#\" data-goto=\"3\" aria-label=\"display slide 4\">4<\/a><\/li>\r\n\t\t\t\t\t\t\t\t\t\t\t<li><a href=\"#\" data-goto=\"4\" aria-label=\"display slide 5\">5<\/a><\/li>\r\n\t\t\t\t\t\t\t\t\t\t\t<li><a href=\"#\" data-goto=\"5\" aria-label=\"display slide 6\">6<\/a><\/li>\r\n\t\t\t\t\t\t\t\t\t<\/ol>\r\n\r\n\t\t\t\t<div class=\"sow-slide-nav sow-slide-nav-next\">\r\n\t\t\t\t\t<a href=\"#\" data-goto=\"next\" aria-label=\"next slide\" data-action=\"next\">\r\n\t\t\t\t\t\t<em class=\"sow-sld-icon-thick-right\"><\/em>\r\n\t\t\t\t\t<\/a>\r\n\t\t\t\t<\/div>\r\n\r\n\t\t\t\t<div class=\"sow-slide-nav sow-slide-nav-prev\">\r\n\t\t\t\t\t<a href=\"#\" data-goto=\"previous\" aria-label=\"previous slide\" data-action=\"prev\">\r\n\t\t\t\t\t\t<em class=\"sow-sld-icon-thick-left\"><\/em>\r\n\t\t\t\t\t<\/a>\r\n\t\t\t\t<\/div>\r\n\t\t\t\t<\/div><\/div><\/div><\/div><\/div><div id=\"pg-2-1\"  class=\"panel-grid panel-no-style\" ><div id=\"pgc-2-1-0\"  class=\"panel-grid-cell\" ><div id=\"panel-2-1-0-0\" class=\"so-panel widget widget_sow-editor panel-first-child\" data-index=\"1\" ><div class=\"so-widget-sow-editor so-widget-sow-editor-base\">\n<div class=\"siteorigin-widget-tinymce textwidget\">\n\t<h3 style=\"text-align: center;\"><strong>Vitajte na str\u00e1nke M\u0160K Novohrad Lu\u010denec<\/strong><\/h3>\n<h3 style=\"text-align: center;\"><strong>Nev\u00e1haj a pridaj sa k n\u00e1m aj Ty<\/strong><\/h3>\n<\/div>\n<\/div><\/div><div id=\"panel-2-1-0-1\" class=\"so-panel widget widget_sow-editor panel-last-child\" data-index=\"2\" ><div class=\"so-widget-sow-editor so-widget-sow-editor-base\">\n<div class=\"siteorigin-widget-tinymce textwidget\">\n\t<p><a href=\"http:\/\/msknovohrad.sk\/?page_id=629\"><img loading=\"lazy\" decoding=\"async\" class=\"wp-image-748 size-full aligncenter\" src=\"http:\/\/msknovohrad.sk\/wp-content\/uploads\/2017\/09\/partneri-1.jpg\" alt=\"\" width=\"960\" height=\"90\" srcset=\"https:\/\/msknovohrad.sk\/wp-content\/uploads\/2017\/09\/partneri-1.jpg 960w, https:\/\/msknovohrad.sk\/wp-content\/uploads\/2017\/09\/partneri-1-300x28.jpg 300w, https:\/\/msknovohrad.sk\/wp-content\/uploads\/2017\/09\/partneri-1-768x72.jpg 768w, https:\/\/msknovohrad.sk\/wp-content\/uploads\/2017\/09\/partneri-1-128x12.jpg 128w, https:\/\/msknovohrad.sk\/wp-content\/uploads\/2017\/09\/partneri-1-32x3.jpg 32w\" sizes=\"auto, (max-width: 960px) 100vw, 960px\" \/><\/a><\/p>\n<\/div>\n<\/div><\/div><\/div><\/div><div id=\"pg-2-2\"  class=\"panel-grid panel-no-style\" ><div id=\"pgc-2-2-0\"  class=\"panel-grid-cell\" ><div id=\"panel-2-2-0-0\" class=\"so-panel widget widget_sow-editor panel-first-child panel-last-child\" data-index=\"3\" ><div class=\"so-widget-sow-editor so-widget-sow-editor-base\">\n<div class=\"siteorigin-widget-tinymce textwidget\">\n\t<p><a href=\"https:\/\/www.najpoistenie.sk\/?kod=10062006\"><img loading=\"lazy\" decoding=\"async\" class=\"alignnone wp-image-1597 size-medium\" src=\"https:\/\/msknovohrad.sk\/wp-content\/uploads\/2024\/05\/71bb704b-7737-4823-aec4-8b4e7b39f303-300x153.png\" alt=\"\" width=\"300\" height=\"153\" srcset=\"https:\/\/msknovohrad.sk\/wp-content\/uploads\/2024\/05\/71bb704b-7737-4823-aec4-8b4e7b39f303-300x153.png 300w, https:\/\/msknovohrad.sk\/wp-content\/uploads\/2024\/05\/71bb704b-7737-4823-aec4-8b4e7b39f303-1024x521.png 1024w, https:\/\/msknovohrad.sk\/wp-content\/uploads\/2024\/05\/71bb704b-7737-4823-aec4-8b4e7b39f303-768x391.png 768w, https:\/\/msknovohrad.sk\/wp-content\/uploads\/2024\/05\/71bb704b-7737-4823-aec4-8b4e7b39f303-128x65.png 128w, https:\/\/msknovohrad.sk\/wp-content\/uploads\/2024\/05\/71bb704b-7737-4823-aec4-8b4e7b39f303-32x16.png 32w, https:\/\/msknovohrad.sk\/wp-content\/uploads\/2024\/05\/71bb704b-7737-4823-aec4-8b4e7b39f303.png 1180w\" sizes=\"auto, (max-width: 300px) 100vw, 300px\" \/><\/a><\/p>\n<p><a href=\"https:\/\/sportnet.sme.sk\/futbalnet\/k\/msk-novohrad-lucenec\/tim\/61907\/program\/?sutaz=4878\"><img loading=\"lazy\" decoding=\"async\" class=\"alignnone wp-image-1488 size-medium\" src=\"https:\/\/msknovohrad.sk\/wp-content\/uploads\/2023\/12\/III.L-300x173.png\" alt=\"\" width=\"300\" height=\"173\" srcset=\"https:\/\/msknovohrad.sk\/wp-content\/uploads\/2023\/12\/III.L-300x173.png 300w, https:\/\/msknovohrad.sk\/wp-content\/uploads\/2023\/12\/III.L-128x74.png 128w, https:\/\/msknovohrad.sk\/wp-content\/uploads\/2023\/12\/III.L-32x18.png 32w, https:\/\/msknovohrad.sk\/wp-content\/uploads\/2023\/12\/III.L.png 400w\" sizes=\"auto, (max-width: 300px) 100vw, 300px\" \/><\/a><\/p>\n<p><a href=\"https:\/\/sportnet.sme.sk\/futbalnet\/k\/msk-novohrad-lucenec\/\"><img loading=\"lazy\" decoding=\"async\" class=\"alignnone wp-image-1230 size-medium\" src=\"https:\/\/msknovohrad.sk\/wp-content\/uploads\/2022\/12\/log-300x300.jpg\" alt=\"\" width=\"300\" height=\"300\" srcset=\"https:\/\/msknovohrad.sk\/wp-content\/uploads\/2022\/12\/log-300x300.jpg 300w, https:\/\/msknovohrad.sk\/wp-content\/uploads\/2022\/12\/log-1024x1024.jpg 1024w, https:\/\/msknovohrad.sk\/wp-content\/uploads\/2022\/12\/log-150x150.jpg 150w, https:\/\/msknovohrad.sk\/wp-content\/uploads\/2022\/12\/log-768x768.jpg 768w, https:\/\/msknovohrad.sk\/wp-content\/uploads\/2022\/12\/log-128x128.jpg 128w, https:\/\/msknovohrad.sk\/wp-content\/uploads\/2022\/12\/log-32x32.jpg 32w, https:\/\/msknovohrad.sk\/wp-content\/uploads\/2022\/12\/log.jpg 1440w\" sizes=\"auto, (max-width: 300px) 100vw, 300px\" \/><\/a><\/p>\n<\/div>\n<\/div><\/div><\/div><div id=\"pgc-2-2-1\"  class=\"panel-grid-cell\" ><div id=\"panel-2-2-1-0\" class=\"so-panel widget widget_calendar panel-first-child panel-last-child\" data-index=\"4\" ><div id=\"calendar_wrap\" class=\"calendar_wrap\"><table id=\"wp-calendar\" class=\"wp-calendar-table\">\n\t<caption>apr\u00edl 2026<\/caption>\n\t<thead>\n\t<tr>\n\t\t<th scope=\"col\" title=\"pondelok\">Po<\/th>\n\t\t<th scope=\"col\" title=\"utorok\">Ut<\/th>\n\t\t<th scope=\"col\" title=\"streda\">St<\/th>\n\t\t<th scope=\"col\" title=\"\u0161tvrtok\">\u0160t<\/th>\n\t\t<th scope=\"col\" title=\"piatok\">Pi<\/th>\n\t\t<th scope=\"col\" title=\"sobota\">So<\/th>\n\t\t<th scope=\"col\" title=\"nede\u013ea\">Ne<\/th>\n\t<\/tr>\n\t<\/thead>\n\t<tbody>\n\t<tr>\n\t\t<td colspan=\"2\" class=\"pad\">&nbsp;<\/td><td>1<\/td><td>2<\/td><td>3<\/td><td>4<\/td><td>5<\/td>\n\t<\/tr>\n\t<tr>\n\t\t<td>6<\/td><td>7<\/td><td>8<\/td><td>9<\/td><td>10<\/td><td>11<\/td><td>12<\/td>\n\t<\/tr>\n\t<tr>\n\t\t<td>13<\/td><td>14<\/td><td>15<\/td><td>16<\/td><td>17<\/td><td>18<\/td><td>19<\/td>\n\t<\/tr>\n\t<tr>\n\t\t<td>20<\/td><td>21<\/td><td>22<\/td><td>23<\/td><td>24<\/td><td id=\"today\">25<\/td><td>26<\/td>\n\t<\/tr>\n\t<tr>\n\t\t<td>27<\/td><td>28<\/td><td>29<\/td><td>30<\/td>\n\t\t<td class=\"pad\" colspan=\"3\">&nbsp;<\/td>\n\t<\/tr>\n\t<\/tbody>\n\t<\/table><nav aria-label=\"Predch\u00e1dzaj\u00face a nasleduj\u00face mesiace\" class=\"wp-calendar-nav\">\n\t\t<span class=\"wp-calendar-nav-prev\"><a href=\"https:\/\/msknovohrad.sk\/?m=202512\">&laquo; dec<\/a><\/span>\n\t\t<span class=\"pad\">&nbsp;<\/span>\n\t\t<span class=\"wp-calendar-nav-next\">&nbsp;<\/span>\n\t<\/nav><\/div><\/div><\/div><\/div><div id=\"pg-2-3\"  class=\"panel-grid panel-no-style\" ><div id=\"pgc-2-3-0\"  class=\"panel-grid-cell\" ><div id=\"panel-2-3-0-0\" class=\"so-panel widget widget_sow-editor panel-first-child panel-last-child\" data-index=\"5\" ><div class=\"so-widget-sow-editor so-widget-sow-editor-base\">\n<div class=\"siteorigin-widget-tinymce textwidget\">\n\t<p>&nbsp; &nbsp; &nbsp; &nbsp; &nbsp; &nbsp; &nbsp; &nbsp; &nbsp; &nbsp; &nbsp; &nbsp; &nbsp; &nbsp; &nbsp; &nbsp; &nbsp; &nbsp; &nbsp; <img loading=\"lazy\" decoding=\"async\" class=\"size-medium wp-image-1150 alignleft\" src=\"https:\/\/msknovohrad.sk\/wp-content\/uploads\/2022\/03\/FB_IMG_1647100022842-300x212.jpg\" alt=\"\" width=\"300\" height=\"212\" srcset=\"https:\/\/msknovohrad.sk\/wp-content\/uploads\/2022\/03\/FB_IMG_1647100022842-300x212.jpg 300w, https:\/\/msknovohrad.sk\/wp-content\/uploads\/2022\/03\/FB_IMG_1647100022842-768x543.jpg 768w, https:\/\/msknovohrad.sk\/wp-content\/uploads\/2022\/03\/FB_IMG_1647100022842-128x90.jpg 128w, https:\/\/msknovohrad.sk\/wp-content\/uploads\/2022\/03\/FB_IMG_1647100022842-32x23.jpg 32w, https:\/\/msknovohrad.sk\/wp-content\/uploads\/2022\/03\/FB_IMG_1647100022842.jpg 842w\" sizes=\"auto, (max-width: 300px) 100vw, 300px\" \/> &nbsp; &nbsp; &nbsp; &nbsp; &nbsp; &nbsp; &nbsp; &nbsp; &nbsp; &nbsp;<img loading=\"lazy\" decoding=\"async\" class=\"wp-image-1145 size-medium alignleft\" src=\"https:\/\/msknovohrad.sk\/wp-content\/uploads\/2022\/03\/FB_IMG_1646243813687-212x300.jpg\" alt=\"\" width=\"212\" height=\"300\" srcset=\"https:\/\/msknovohrad.sk\/wp-content\/uploads\/2022\/03\/FB_IMG_1646243813687-212x300.jpg 212w, https:\/\/msknovohrad.sk\/wp-content\/uploads\/2022\/03\/FB_IMG_1646243813687-90x128.jpg 90w, https:\/\/msknovohrad.sk\/wp-content\/uploads\/2022\/03\/FB_IMG_1646243813687-23x32.jpg 23w, https:\/\/msknovohrad.sk\/wp-content\/uploads\/2022\/03\/FB_IMG_1646243813687.jpg 595w\" sizes=\"auto, (max-width: 212px) 100vw, 212px\" \/><\/p>\n<\/div>\n<\/div><\/div><\/div><div id=\"pgc-2-3-1\"  class=\"panel-grid-cell\" ><div id=\"panel-2-3-1-0\" class=\"so-panel widget widget_sow-editor panel-first-child\" data-index=\"6\" ><div class=\"panel-widget-style panel-widget-style-for-2-3-1-0\" ><div class=\"so-widget-sow-editor so-widget-sow-editor-base\">\n<div class=\"siteorigin-widget-tinymce textwidget\">\n\t<p>&nbsp; &nbsp; &nbsp; &nbsp; &nbsp; &nbsp; &nbsp; &nbsp; &nbsp; &nbsp;<\/p>\n<\/div>\n<\/div><\/div><\/div><div id=\"panel-2-3-1-1\" class=\"widget_text so-panel widget widget_custom_html panel-last-child\" data-index=\"7\" ><div class=\"textwidget custom-html-widget\"><div id=\"fb-root\"><\/div>\n<script>(function(d, s, id) {\n  var js, fjs = d.getElementsByTagName(s)[0];\n  if (d.getElementById(id)) return;\n  js = d.createElement(s); js.id = id;\n  js.src = 'https:\/\/connect.facebook.net\/sk_SK\/sdk.js#xfbml=1&version=v2.12';\n  fjs.parentNode.insertBefore(js, fjs);\n}(document, 'script', 'facebook-jssdk'));<\/script>\n<div class=\"fb-page\" data-href=\"https:\/\/www.facebook.com\/M%C5%A0K-Novohrad-Lu%C4%8Denec-622800454426307\/\" data-tabs=\"timeline\" data-width=\"500\" data-small-header=\"false\" data-adapt-container-width=\"true\" data-hide-cover=\"false\" data-show-facepile=\"true\"><blockquote cite=\"https:\/\/www.facebook.com\/M%C5%A0K-Novohrad-Lu%C4%8Denec-622800454426307\/\" class=\"fb-xfbml-parse-ignore\"><a href=\"https:\/\/www.facebook.com\/M%C5%A0K-Novohrad-Lu%C4%8Denec-622800454426307\/\">M\u0160K Novohrad Lu\u010denec<\/a><\/blockquote><\/div><\/div><\/div><\/div><\/div><\/div>","protected":false},"excerpt":{"rendered":"<p>Vitajte na str\u00e1nke M\u0160K Novohrad Lu\u010denec Nev\u00e1haj a pridaj sa k n\u00e1m aj Ty<\/p>\n","protected":false},"author":1,"featured_media":0,"parent":0,"menu_order":1,"comment_status":"closed","ping_status":"closed","template":"","meta":{"ngg_post_thumbnail":0,"_monsterinsights_skip_tracking":false,"_monsterinsights_sitenote_active":false,"_monsterinsights_sitenote_note":"","_monsterinsights_sitenote_category":0,"footnotes":""},"class_list":["post-2","page","type-page","status-publish"],"_links":{"self":[{"href":"https:\/\/msknovohrad.sk\/index.php?rest_route=\/wp\/v2\/pages\/2","targetHints":{"allow":["GET"]}}],"collection":[{"href":"https:\/\/msknovohrad.sk\/index.php?rest_route=\/wp\/v2\/pages"}],"about":[{"href":"https:\/\/msknovohrad.sk\/index.php?rest_route=\/wp\/v2\/types\/page"}],"author":[{"embeddable":true,"href":"https:\/\/msknovohrad.sk\/index.php?rest_route=\/wp\/v2\/users\/1"}],"replies":[{"embeddable":true,"href":"https:\/\/msknovohrad.sk\/index.php?rest_route=%2Fwp%2Fv2%2Fcomments&post=2"}],"version-history":[{"count":7,"href":"https:\/\/msknovohrad.sk\/index.php?rest_route=\/wp\/v2\/pages\/2\/revisions"}],"predecessor-version":[{"id":1097,"href":"https:\/\/msknovohrad.sk\/index.php?rest_route=\/wp\/v2\/pages\/2\/revisions\/1097"}],"wp:attachment":[{"href":"https:\/\/msknovohrad.sk\/index.php?rest_route=%2Fwp%2Fv2%2Fmedia&parent=2"}],"curies":[{"name":"wp","href":"https:\/\/api.w.org\/{rel}","templated":true}]}}