{"id":508,"date":"2017-10-15T19:11:33","date_gmt":"2017-10-15T17:11:33","guid":{"rendered":"http:\/\/msknovohrad.sk\/?page_id=508"},"modified":"2025-09-04T18:08:15","modified_gmt":"2025-09-04T16:08:15","slug":"u-5","status":"publish","type":"page","link":"https:\/\/msknovohrad.sk\/?page_id=508","title":{"rendered":"Smernica klubu o platen\u00ed \u010dlensk\u00e9ho pr\u00edspevku"},"content":{"rendered":"<div id=\"pl-508\"  class=\"panel-layout\" ><div id=\"pg-508-0\"  class=\"panel-grid panel-no-style\" ><div id=\"pgc-508-0-0\"  class=\"panel-grid-cell\" ><div id=\"panel-508-0-0-0\" class=\"so-panel widget widget_sow-editor panel-first-child\" data-index=\"0\" ><div class=\"so-widget-sow-editor so-widget-sow-editor-base\">\n<div class=\"siteorigin-widget-tinymce textwidget\">\n\t<p><strong>Smernica klubu o&nbsp;platen\u00ed \u010dlensk\u00e9ho pr\u00edspevku&nbsp;&nbsp;&nbsp; <\/strong><\/p>\n<p><strong>\u010clensk\u00fd pr\u00edspevok nereprezentuje<\/strong> (neobsahuje v sebe) \u017eiadnu tr\u00e9ningov\u00fa jednotku, po\u010det z\u00fa\u010dastnen\u00ed sa na nej, \u017eiadny po\u010det odohrat\u00fdch majstrovsk\u00fdch alebo turnajov\u00fdch z\u00e1pasov a ani \u017eiadnu in\u00fa \u0161portov\u00fa veli\u010dinu. <strong>\u010clensk\u00fd pr\u00edspevok vyjadruje pr\u00edslu\u0161nos\u0165 \u0161portovca ku klubu<\/strong>,<strong>ku klubu M\u0160K NOVOHRAD Lu\u010denec<\/strong>ako jeho \u010dlena so v\u0161etk\u00fdmi pr\u00e1vami a povinnos\u0165ami \u010dlena klubu. Bez \u010dlenstva v klube (v ktoromko\u013evek klube) toti\u017e nie je mo\u017en\u00e9 vykon\u00e1va\u0165 <strong>organizovan\u00fa, s\u00fa\u0165a\u017en\u00fa \u0161portov\u00fa \u010dinnos\u0165<\/strong>. Ka\u017ed\u00fd \u0161portov\u00fd klub (aj futbalov\u00fd) preto je povinn\u00fd vies\u0165 datab\u00e1zu svojich \u010dlenov (aj pre potreby nadriaden\u00e9ho org\u00e1nu, \u0161portov\u00e9ho zv\u00e4zu) a deklarova\u0165 t\u00fdm pr\u00edslu\u0161nos\u0165 svojich \u010dlenov ku klubu (v na\u0161om pr\u00edpade k&nbsp;M\u0160KNovohrad Lu\u010denec). V zmysle nov\u00fdch stanov M\u0160KNovohrad Lu\u010denec je povinn\u00fd ka\u017ed\u00fd \u010dlen klubu plati\u0165 \u010dlensk\u00fd pr\u00edspevok po\u010das cel\u00e9ho trvania \u010dlenstva v klube.<\/p>\n<p><strong>\u010clensk\u00fd pr\u00edspevok nie je ohybn\u00e1 (premenliv\u00e1) veli\u010dina<\/strong>, ktor\u00e1 by vyjadrovala \u0161portov\u00fd v\u00fdkon \u010dlena klubu, \u00farove\u0148 jeho \u0161portovej zdatnosti alebo <strong>pr\u00edtomnosti resp. nepr\u00edtomnosti<\/strong> na \u0161portovom podujat\u00ed (tr\u00e9ningu, z\u00e1pase alebo inej udalosti). Tieto aktivity s\u00fa len mo\u017en\u00fdm a \u017eelan\u00fdm (a na\u0161im klubom umo\u017enen\u00fdm a podporovan\u00fdm) vyvrcholen\u00edm \u0161portov\u00e9ho sna\u017eenia ka\u017ed\u00e9ho n\u00e1\u0161ho \u010dlena. Samozrejme, \u010dlensk\u00fd pr\u00edspevok je pr\u00edjmom n\u00e1\u0161ho klubu a preto (v s\u00falade so stanovami klubu) ho vyu\u017e\u00edvame na podporu \u0161portovej \u010dinnosti <strong>v\u0161etk\u00fdch<\/strong>svojich \u010dlenov. Na \u010dlensk\u00fd pr\u00edspevok a jeho v\u00fd\u0161ku preto nie mo\u017en\u00e9 nahliada\u0165 inak ako na <strong>povinn\u00fd, \u010dlenstvo udr\u017eiavac\u00ed poplatok<\/strong>. Anal\u00f3govo teda <strong>plat\u00ed, \u017ee neplatenie \u010dlensk\u00e9ho<\/strong> pr\u00edspevku preto m\u00e1 ma\u0165 za n\u00e1sledok <strong>preru\u0161enie (pozastavenia) \u010dlenstva a to aj vo vz\u0165ahu k riadiacemu org\u00e1nu<\/strong> (v na\u0161om pr\u00edpade Slovensk\u00e9mu futbalov\u00e9mu zv\u00e4zu). Apelujeme preto na na\u0161e spolo\u010dn\u00e9 \u00fasilie umo\u017eni\u0165 na\u0161im \u010dlenom kvalitn\u00e9 \u0161portov\u00e9 vy\u017eitie a to aj prostredn\u00edctvom dodr\u017eiavania stanov M\u0160K Novohrad Lu\u010denec.<\/p>\n<p>Pre zjednotenie platieb uv\u00e1dzame op\u00e4tovne podmienky a sp\u00f4soby platby \u010dlensk\u00e9ho pr\u00edspevku.<\/p>\n<p><strong>V\u00fd\u0161ka a v\u00fdpo\u010det \u010dlensk\u00e9ho pr\u00edspevku<\/strong><\/p>\n<p>Pre vekov\u00e9 kateg\u00f3rie hr\u00e1\u010dov <strong>U19,U17,U15, U14, U13, U12, U11, U10, U9, U8<\/strong> (teda pre riadne, v SFZ registrovan\u00fdch hr\u00e1\u010dov) je v\u00fd\u0161ka \u010dlensk\u00e9ho pr\u00edspevku stanoven\u00e1 na <strong>480 \u20ac<\/strong> ro\u010dne <strong>40,00 <\/strong><strong>\u20ac\/mesiac<\/strong> (platba 12 mesiacov). V pr\u00edpade, \u017ee v klube tr\u00e9nuje viac s\u00farodencov, \u010dlensk\u00fd pr\u00edspevok v plnej v\u00fd\u0161ke (<strong>40,00 <\/strong>\u20ac na mesiac) plat\u00ed len najstar\u0161\u00ed. V\u00fd\u0161ka \u010dlensk\u00e9ho pr\u00edspevku druh\u00e9ho s\u00farodenca je <strong>30<\/strong> \u20ac \/mesiac, v\u00fd\u0161ka \u010dlensk\u00e9ho pr\u00edspevku tretieho a \u010fal\u0161\u00edch s\u00farodencov je <strong>25 \u20ac<\/strong> \/mesiac. \u010clenstvo v klube je&nbsp; po\u010d\u00edtan\u00e9 od 1.9. 202X do 31. 8. 202X + 1 \u2013 teda <strong>12 mesiacov<\/strong> v \u0161portovom roku.&nbsp;&nbsp;&nbsp;&nbsp;&nbsp;&nbsp;&nbsp;&nbsp;&nbsp;&nbsp;&nbsp;&nbsp;&nbsp;<\/p>\n<table>\n<tbody>\n<tr>\n<td width=\"354\">Kateg\u00f3ria<\/td>\n<td width=\"354\">V\u00fd\u0161ka \u010dlensk\u00e9ho pr\u00edspevku\/rok<\/td>\n<\/tr>\n<tr>\n<td width=\"354\">Dorast (U17)<\/td>\n<td width=\"354\"><strong>480 \u20ac<\/strong><\/td>\n<\/tr>\n<tr>\n<td width=\"354\">Star\u0161\u00ed \u017eiaci (U15, U14) a \u017eia\u010dky<\/td>\n<td width=\"354\"><strong>480 \u20ac<\/strong><\/td>\n<\/tr>\n<tr>\n<td width=\"354\">Mlad\u0161\u00ed \u017eiaci (U13, U12) a \u017eia\u010dky<\/td>\n<td width=\"354\"><strong>480 \u20ac<\/strong><\/td>\n<\/tr>\n<tr>\n<td width=\"354\">Pr\u00edpravky (U11, U10, U9)<\/td>\n<td width=\"354\"><strong>480 \u20ac<\/strong><\/td>\n<\/tr>\n<tr>\n<td width=\"354\">Predpr\u00edpravky (U8, U7, U6, U5)<\/td>\n<td width=\"354\"><strong>480 \u20ac<\/strong><\/td>\n<\/tr>\n<\/tbody>\n<\/table>\n<p><strong>Rodi\u010dia hr\u00e1\u010dov zo soci\u00e1lne slab\u0161\u00edch rod\u00edn<\/strong> maj\u00fa mo\u017enos\u0165 poda\u0165 p\u00edsomn\u00fa \u017eiados\u0165 o zn\u00ed\u017eenie, alebo odpustenie platenia pr\u00edspevkov. S\u00fa\u010das\u0165ou \u017eiadosti s\u00fa pr\u00edlohy \u2013 potvrdenia o pr\u00edjme. Spr\u00e1vna Rada rozhodne na svojom zasadnut\u00ed o&nbsp;pr\u00edpadnej \u00fa\u013eave v&nbsp;platen\u00ed \u010dlensk\u00e9ho pr\u00edspevku.<\/p>\n<p>Pri n\u00e1stupe do mu\u017estva po\u010das sez\u00f3ny sa \u010dlensk\u00fd poplatok alikvotne prepo\u010d\u00edta na po\u010det mesiacov pr\u00edslu\u0161n\u00e9ho roka ukon\u010den\u00e9ho \u010dlensk\u00e9ho roku (najbli\u017e\u0161ie k 31. 7. 202X).<\/p>\n<p><strong>Individu\u00e1lne pr\u00edpady, ktor\u00e9 sa vyskytn\u00fa po\u010das roka <\/strong>(najm\u00e4 dlhodob\u00e9 preru\u0161enie akt\u00edvnej \u010dinnosti hr\u00e1\u010da zo zdravotn\u00fdch d\u00f4vodov), rie\u0161i vedenie klubu na z\u00e1klade \u017eiadosti rodi\u010da, ktorej s\u00fa\u010das\u0165ou je aj potvrdenie od lek\u00e1ra o dlhodobom zranen\u00ed resp. dlhodobej chorobe \u010dlena.<\/p>\n<p><strong>\u010clensk\u00e9 poplatky pre SFZ:<\/strong><\/p>\n<p>\u010clensk\u00fd pr\u00edspevok pre SFZ si plat\u00ed ka\u017ed\u00fd hr\u00e1\u010d individu\u00e1lne cez svoje konto ISSF v&nbsp;term\u00edne od 1.7.do 30.7.Bez zaplaten\u00e9ho \u010dlensk\u00e9ho nebude vedie\u0165 byt hr\u00e1\u010d nominovan\u00fd do s\u00fa\u0165a\u017ei riaden\u00fdch SFZ.<\/p>\n<p><strong>Sp\u00f4soby \u00fahrady \u010dlensk\u00fdch poplatkov pre M\u0160K Novohrad Lu\u010denec : <\/strong><\/p>\n<p>Najlep\u0161ie je realizova\u0165 platbu prevodom na transparentn\u00fd \u00fa\u010det ml\u00e1de\u017ee klubu.<br \/>\nN\u00e1zov \u00fa\u010dtu: M\u0160K Novohrad ml\u00e1de\u017e<\/p>\n<p><strong>IBAN<\/strong><strong>: SK64 0900 0000 0051 2545 5183<\/strong><\/p>\n<p><strong>VS: generuje syst\u00e9m spolo\u010dnosti PAYSY <\/strong><\/p>\n<p>\u010clensk\u00fd pr\u00edspevok <strong>za dan\u00fd mesiac uhr\u00e1dzan\u00fd prevodom<\/strong> treba uhradi\u0165 v\u017edy do 15. d\u0148a be\u017en\u00e9ho mesiaca.<\/p>\n<p><strong>\u017diadame rodi\u010dov o v\u010dasn\u00e9 \u00fahrady rodi\u010dovsk\u00fdch pr\u00edspevkov, aby bola zaisten\u00e1 bezprobl\u00e9mov\u00e1 \u010dinnos\u0165 klubu!<\/strong><\/p>\n<p><strong>Smernica nadob\u00fada platnos\u0165 a&nbsp;\u00fa\u010dinnos\u0165 d\u0148a 1.1.2025.<\/strong>V Lu\u010denci, 22.11.2024<\/p>\n<\/div>\n<\/div><\/div><div id=\"panel-508-0-0-1\" class=\"so-panel widget widget_sow-editor panel-last-child\" data-index=\"1\" ><div class=\"so-widget-sow-editor so-widget-sow-editor-base\">\n<div class=\"siteorigin-widget-tinymce textwidget\">\n\t<p><a href=\"https:\/\/msknovohrad.sk\/wp-content\/uploads\/2024\/11\/Smernica-1.1.2025.pdf\"><img loading=\"lazy\" decoding=\"async\" class=\"alignnone wp-image-1662 size-medium\" src=\"https:\/\/msknovohrad.sk\/wp-content\/uploads\/2024\/11\/Smernica-1.1.2025-pdf-218x300.jpg\" alt=\"\" width=\"218\" height=\"300\"\/><\/a><\/p>\n<p><a href=\"https:\/\/msknovohrad.sk\/wp-content\/uploads\/2025\/09\/Ziadost-o-znizenie-prispevku-MSK-Novohrad-2.docx\">Ziadost-o-znizenie-prispevku-MSK-Novohrad-2<\/a><\/p>\n<p>&nbsp;<\/p>\n<\/div>\n<\/div><\/div><\/div><\/div><\/div>","protected":false},"excerpt":{"rendered":"<p>Smernica klubu o&nbsp;platen\u00ed \u010dlensk\u00e9ho pr\u00edspevku&nbsp;&nbsp;&nbsp; \u010clensk\u00fd pr\u00edspevok nereprezentuje (neobsahuje v sebe) \u017eiadnu tr\u00e9ningov\u00fa jednotku, po\u010det z\u00fa\u010dastnen\u00ed sa na nej, \u017eiadny po\u010det odohrat\u00fdch majstrovsk\u00fdch alebo turnajov\u00fdch z\u00e1pasov a ani \u017eiadnu in\u00fa \u0161portov\u00fa veli\u010dinu. \u010clensk\u00fd pr\u00edspevok vyjadruje pr\u00edslu\u0161nos\u0165 \u0161portovca ku klubu,ku klubu &#8230; <a title=\"Smernica klubu o platen\u00ed \u010dlensk\u00e9ho pr\u00edspevku\" class=\"read-more\" href=\"https:\/\/msknovohrad.sk\/?page_id=508\">\u010c\u00edtaj viac&#8230;<\/a><\/p>\n","protected":false},"author":1,"featured_media":0,"parent":0,"menu_order":0,"comment_status":"open","ping_status":"closed","template":"","meta":{"ngg_post_thumbnail":0,"_monsterinsights_skip_tracking":false,"_monsterinsights_sitenote_active":false,"_monsterinsights_sitenote_note":"","_monsterinsights_sitenote_category":0,"footnotes":""},"class_list":["post-508","page","type-page","status-publish"],"_links":{"self":[{"href":"https:\/\/msknovohrad.sk\/index.php?rest_route=\/wp\/v2\/pages\/508","targetHints":{"allow":["GET"]}}],"collection":[{"href":"https:\/\/msknovohrad.sk\/index.php?rest_route=\/wp\/v2\/pages"}],"about":[{"href":"https:\/\/msknovohrad.sk\/index.php?rest_route=\/wp\/v2\/types\/page"}],"author":[{"embeddable":true,"href":"https:\/\/msknovohrad.sk\/index.php?rest_route=\/wp\/v2\/users\/1"}],"replies":[{"embeddable":true,"href":"https:\/\/msknovohrad.sk\/index.php?rest_route=%2Fwp%2Fv2%2Fcomments&post=508"}],"version-history":[{"count":8,"href":"https:\/\/msknovohrad.sk\/index.php?rest_route=\/wp\/v2\/pages\/508\/revisions"}],"predecessor-version":[{"id":1787,"href":"https:\/\/msknovohrad.sk\/index.php?rest_route=\/wp\/v2\/pages\/508\/revisions\/1787"}],"wp:attachment":[{"href":"https:\/\/msknovohrad.sk\/index.php?rest_route=%2Fwp%2Fv2%2Fmedia&parent=508"}],"curies":[{"name":"wp","href":"https:\/\/api.w.org\/{rel}","templated":true}]}}